{"id":7675,"date":"2020-08-11T15:21:51","date_gmt":"2020-08-11T14:21:51","guid":{"rendered":"https:\/\/power-sharing-syria.ezks.org\/?page_id=7675"},"modified":"2023-03-27T16:35:44","modified_gmt":"2023-03-27T15:35:44","slug":"contact-us","status":"publish","type":"page","link":"https:\/\/power-sharing-syria.ezks.org\/de\/contact-us\/","title":{"rendered":"Kontakt"},"content":{"rendered":"<div data-elementor-type=\"wp-page\" data-elementor-id=\"7675\" class=\"elementor elementor-7675\" data-elementor-post-type=\"page\">\n\t\t\t\t\t\t\t\t\t<section data-particle_enable=\"false\" data-particle-mobile-disabled=\"false\" class=\"elementor-section elementor-top-section elementor-element elementor-element-cbb3eab elementor-section-boxed elementor-section-height-default elementor-section-height-default\" data-id=\"cbb3eab\" data-element_type=\"section\">\n\t\t\t\t\t\t<div class=\"elementor-container elementor-column-gap-default\">\n\t\t\t\t\t<div class=\"elementor-column elementor-col-100 elementor-top-column elementor-element elementor-element-24e2881\" data-id=\"24e2881\" data-element_type=\"column\">\n\t\t\t<div class=\"elementor-widget-wrap elementor-element-populated\">\n\t\t\t\t\t\t\t\t<div class=\"elementor-element elementor-element-c706be5 elementor-widget elementor-widget-heading\" data-id=\"c706be5\" data-element_type=\"widget\" data-widget_type=\"heading.default\">\n\t\t\t\t<div class=\"elementor-widget-container\">\n\t\t\t<h1 class=\"elementor-heading-title elementor-size-default\">Kontakt<\/h1>\t\t<\/div>\n\t\t\t\t<\/div>\n\t\t\t\t<div class=\"elementor-element elementor-element-0e7f6cc elementor-widget elementor-widget-text-editor\" data-id=\"0e7f6cc\" data-element_type=\"widget\" data-widget_type=\"text-editor.default\">\n\t\t\t\t<div class=\"elementor-widget-container\">\n\t\t\t\t\t\t\t<p>\u201cPower Sharing f\u00fcr ein geeintes Syrien\" ist ein Projekt des<span style=\"font-size: 15px; color: #00ccff;\">\u00a0<a style=\"font-size: 22px; color: #00ccff;\" href=\"http:\/\/www.ezks.org\/\" target=\"_blank\" rel=\"noopener\">Europ\u00e4ischen Zentrums f\u00fcr Kurdische Studien \u2014 Berliner Gesellschaft zur F\u00f6rderung der Kurdologie<\/a><\/span>Es wird finanziell unterst\u00fctzt durch die Europ\u00e4ische Union und das Ausw\u00e4rtige Amt.\u00a0<span style=\"font-family: Poppins, sans-serif; font-size: 22px; font-style: normal; font-variant-ligatures: normal; font-variant-caps: normal; font-weight: 300;\">Das Europ\u00e4ische Zentrum f\u00fcr Kurdische Studien ist ein 1999 gegr\u00fcndetes privates Forschungsinstitut in der rechtlichen Form des gemeinn\u00fctzigen Vereins. Unser Ziel ist die F\u00f6rderung der Kurdologie und der Kurdischen Studien, zwei Bezeichnungen, die wir synonym verwenden. Wir verstehen darunter die interdisziplin\u00e4re wissenschaftliche Auseinandersetzung mit Kurdistan und den Kurd*innen sowohl in ihren Herkunftsstaaten als auch in der Diaspora. Dar\u00fcber hinaus setzen wir seit 2005 zivilgesellschaftliche Projekte in Syrien um.<\/span><\/p>\t\t\t\t\t\t<\/div>\n\t\t\t\t<\/div>\n\t\t\t\t<div class=\"elementor-element elementor-element-ffd2e2e elementor-widget elementor-widget-video\" data-id=\"ffd2e2e\" data-element_type=\"widget\" data-settings=\"{&quot;youtube_url&quot;:&quot;https:\\\/\\\/www.youtube.com\\\/watch?v=V4_C5srpGv4&quot;,&quot;autoplay&quot;:&quot;yes&quot;,&quot;play_on_mobile&quot;:&quot;yes&quot;,&quot;mute&quot;:&quot;yes&quot;,&quot;lazy_load&quot;:&quot;yes&quot;,&quot;video_type&quot;:&quot;youtube&quot;,&quot;controls&quot;:&quot;yes&quot;}\" data-widget_type=\"video.default\">\n\t\t\t\t<div class=\"elementor-widget-container\">\n\t\t\t\t\t<div class=\"elementor-wrapper elementor-open-inline\">\n\t\t\t<div class=\"elementor-video\"><\/div>\t\t<\/div>\n\t\t\t\t<\/div>\n\t\t\t\t<\/div>\n\t\t\t\t<div class=\"elementor-element elementor-element-52cb63e elementor-widget elementor-widget-spacer\" data-id=\"52cb63e\" data-element_type=\"widget\" data-widget_type=\"spacer.default\">\n\t\t\t\t<div class=\"elementor-widget-container\">\n\t\t\t\t\t<div class=\"elementor-spacer\">\n\t\t\t<div class=\"elementor-spacer-inner\"><\/div>\n\t\t<\/div>\n\t\t\t\t<\/div>\n\t\t\t\t<\/div>\n\t\t\t\t\t<\/div>\n\t\t<\/div>\n\t\t\t\t\t\t\t<\/div>\n\t\t<\/section>\n\t\t\t\t<section data-particle_enable=\"false\" data-particle-mobile-disabled=\"false\" class=\"elementor-section elementor-top-section elementor-element elementor-element-c1bcb85 elementor-section-boxed elementor-section-height-default elementor-section-height-default\" data-id=\"c1bcb85\" data-element_type=\"section\">\n\t\t\t\t\t\t<div class=\"elementor-container elementor-column-gap-default\">\n\t\t\t\t\t<div class=\"elementor-column elementor-col-100 elementor-top-column elementor-element elementor-element-0a672ab\" data-id=\"0a672ab\" data-element_type=\"column\">\n\t\t\t<div class=\"elementor-widget-wrap elementor-element-populated\">\n\t\t\t\t\t\t\t\t<div class=\"elementor-element elementor-element-a3df117 elementor-widget elementor-widget-text-editor\" data-id=\"a3df117\" data-element_type=\"widget\" data-widget_type=\"text-editor.default\">\n\t\t\t\t<div class=\"elementor-widget-container\">\n\t\t\t\t\t\t\t<h2 id=\"ep-87527a3\" class=\"elementor-heading-title elementor-size-default elementor-inline-editing pen\" style=\"font-variant-ligatures: normal; font-variant-caps: normal; line-height: 1.2em; font-family: Poppins, sans-serif; font-size: 65px; color: #1c244b;\" data-elementor-setting-key=\"title\" data-pen-placeholder=\"Type Here...\">How to find us?<\/h2>\t\t\t\t\t\t<\/div>\n\t\t\t\t<\/div>\n\t\t\t\t<div class=\"elementor-element elementor-element-45091c7 elementor-widget elementor-widget-google_maps\" data-id=\"45091c7\" data-element_type=\"widget\" data-widget_type=\"google_maps.default\">\n\t\t\t\t<div class=\"elementor-widget-container\">\n\t\t\t\t\t<div class=\"elementor-custom-embed\">\n\t\t\t<iframe loading=\"lazy\"\n\t\t\t\t\tsrc=\"https:\/\/maps.google.com\/maps?q=Emser%20Stra%C3%9Fe%2026%20%2012051%20Berlin%2C%20Germany&#038;t=m&#038;z=17&#038;output=embed&#038;iwloc=near\"\n\t\t\t\t\ttitle=\"Emser Stra\u00dfe 26  12051 Berlin, Germany\"\n\t\t\t\t\taria-label=\"Emser Stra\u00dfe 26  12051 Berlin, Germany\"\n\t\t\t><\/iframe>\n\t\t<\/div>\n\t\t\t\t<\/div>\n\t\t\t\t<\/div>\n\t\t\t\t\t<\/div>\n\t\t<\/div>\n\t\t\t\t\t\t\t<\/div>\n\t\t<\/section>\n\t\t\t\t<section data-particle_enable=\"false\" data-particle-mobile-disabled=\"false\" class=\"elementor-section elementor-top-section elementor-element elementor-element-6d13678 elementor-section-boxed elementor-section-height-default elementor-section-height-default\" data-id=\"6d13678\" data-element_type=\"section\">\n\t\t\t\t\t\t<div class=\"elementor-container elementor-column-gap-default\">\n\t\t\t\t\t<div class=\"elementor-column elementor-col-33 elementor-top-column elementor-element elementor-element-fe5928e\" data-id=\"fe5928e\" data-element_type=\"column\">\n\t\t\t<div class=\"elementor-widget-wrap elementor-element-populated\">\n\t\t\t\t\t\t\t\t<section data-particle_enable=\"false\" data-particle-mobile-disabled=\"false\" class=\"elementor-section elementor-inner-section elementor-element elementor-element-a5e94ea elementor-section-boxed elementor-section-height-default elementor-section-height-default\" data-id=\"a5e94ea\" data-element_type=\"section\">\n\t\t\t\t\t\t<div class=\"elementor-container elementor-column-gap-default\">\n\t\t\t\t\t<div class=\"elementor-column elementor-col-100 elementor-inner-column elementor-element elementor-element-2d3e630\" data-id=\"2d3e630\" data-element_type=\"column\">\n\t\t\t<div class=\"elementor-widget-wrap elementor-element-populated\">\n\t\t\t\t\t\t\t\t<div class=\"elementor-element elementor-element-a905491 elementor-widget elementor-widget-text-editor\" data-id=\"a905491\" data-element_type=\"widget\" data-widget_type=\"text-editor.default\">\n\t\t\t\t<div class=\"elementor-widget-container\">\n\t\t\t\t\t\t\t<p style=\"direction: ltr;\"><strong>Postanschrift:<\/strong><\/p><p style=\"direction: ltr;\">Europ\u00e4isches Zentrum f\u00fcr Kurdische Studien<\/p><p style=\"direction: ltr;\">Emser Stra\u00dfe 26<\/p><p style=\"direction: ltr;\">12051 Berlin, Germany<\/p>\t\t\t\t\t\t<\/div>\n\t\t\t\t<\/div>\n\t\t\t\t\t<\/div>\n\t\t<\/div>\n\t\t\t\t\t\t\t<\/div>\n\t\t<\/section>\n\t\t\t\t\t<\/div>\n\t\t<\/div>\n\t\t\t\t<div class=\"elementor-column elementor-col-33 elementor-top-column elementor-element elementor-element-31e8972\" data-id=\"31e8972\" data-element_type=\"column\">\n\t\t\t<div class=\"elementor-widget-wrap elementor-element-populated\">\n\t\t\t\t\t\t\t\t<section data-particle_enable=\"false\" data-particle-mobile-disabled=\"false\" class=\"elementor-section elementor-inner-section elementor-element elementor-element-d9699af elementor-section-boxed elementor-section-height-default elementor-section-height-default\" data-id=\"d9699af\" data-element_type=\"section\">\n\t\t\t\t\t\t<div class=\"elementor-container elementor-column-gap-default\">\n\t\t\t\t\t<div class=\"elementor-column elementor-col-100 elementor-inner-column elementor-element elementor-element-7db0b31\" data-id=\"7db0b31\" data-element_type=\"column\">\n\t\t\t<div class=\"elementor-widget-wrap elementor-element-populated\">\n\t\t\t\t\t\t\t\t<div class=\"elementor-element elementor-element-dce5e3d elementor-widget elementor-widget-text-editor\" data-id=\"dce5e3d\" data-element_type=\"widget\" data-widget_type=\"text-editor.default\">\n\t\t\t\t<div class=\"elementor-widget-container\">\n\t\t\t\t\t\t\t<p style=\"direction: ltr;\"><strong>Arbeitszeiten:<\/strong><\/p><p style=\"direction: ltr;\">Mo - Fri, 10-14 Uhr<\/p><p style=\"direction: ltr;\"><strong>Bibliothekszeiten<\/strong><\/p><p style=\"direction: ltr;\">Mo-Fr, 11-16 Uhr und nach Vereinbarung<\/p>\t\t\t\t\t\t<\/div>\n\t\t\t\t<\/div>\n\t\t\t\t\t<\/div>\n\t\t<\/div>\n\t\t\t\t\t\t\t<\/div>\n\t\t<\/section>\n\t\t\t\t\t<\/div>\n\t\t<\/div>\n\t\t\t\t<div class=\"elementor-column elementor-col-33 elementor-top-column elementor-element elementor-element-0898093\" data-id=\"0898093\" data-element_type=\"column\">\n\t\t\t<div class=\"elementor-widget-wrap elementor-element-populated\">\n\t\t\t\t\t\t\t\t<section data-particle_enable=\"false\" data-particle-mobile-disabled=\"false\" class=\"elementor-section elementor-inner-section elementor-element elementor-element-055fe8c elementor-section-boxed elementor-section-height-default elementor-section-height-default\" data-id=\"055fe8c\" data-element_type=\"section\">\n\t\t\t\t\t\t<div class=\"elementor-container elementor-column-gap-default\">\n\t\t\t\t\t<div class=\"elementor-column elementor-col-100 elementor-inner-column elementor-element elementor-element-ce1030d\" data-id=\"ce1030d\" data-element_type=\"column\">\n\t\t\t<div class=\"elementor-widget-wrap elementor-element-populated\">\n\t\t\t\t\t\t\t\t<div class=\"elementor-element elementor-element-9990830 elementor-widget elementor-widget-text-editor\" data-id=\"9990830\" data-element_type=\"widget\" data-widget_type=\"text-editor.default\">\n\t\t\t\t<div class=\"elementor-widget-container\">\n\t\t\t\t\t\t\t<p style=\"direction: ltr;\"><strong>Telefon:<\/strong><\/p><p style=\"direction: ltr;\">+49 30 67 96 85 27<\/p><p style=\"direction: ltr;\"><strong>E-Mail:<\/strong><\/p><p style=\"direction: ltr;\">Project(at)ezks.org<\/p>\t\t\t\t\t\t<\/div>\n\t\t\t\t<\/div>\n\t\t\t\t\t<\/div>\n\t\t<\/div>\n\t\t\t\t\t\t\t<\/div>\n\t\t<\/section>\n\t\t\t\t\t<\/div>\n\t\t<\/div>\n\t\t\t\t\t\t\t<\/div>\n\t\t<\/section>\n\t\t\t\t<section data-particle_enable=\"false\" data-particle-mobile-disabled=\"false\" class=\"elementor-section elementor-top-section elementor-element elementor-element-7d909e8 elementor-section-boxed elementor-section-height-default elementor-section-height-default\" data-id=\"7d909e8\" data-element_type=\"section\">\n\t\t\t\t\t\t<div class=\"elementor-container elementor-column-gap-default\">\n\t\t\t\t\t<div class=\"elementor-column elementor-col-100 elementor-top-column elementor-element elementor-element-aad523b\" data-id=\"aad523b\" data-element_type=\"column\">\n\t\t\t<div class=\"elementor-widget-wrap elementor-element-populated\">\n\t\t\t\t\t\t\t\t<div class=\"elementor-element elementor-element-6fa39ec elementor-widget elementor-widget-spacer\" data-id=\"6fa39ec\" data-element_type=\"widget\" data-widget_type=\"spacer.default\">\n\t\t\t\t<div class=\"elementor-widget-container\">\n\t\t\t\t\t<div class=\"elementor-spacer\">\n\t\t\t<div class=\"elementor-spacer-inner\"><\/div>\n\t\t<\/div>\n\t\t\t\t<\/div>\n\t\t\t\t<\/div>\n\t\t\t\t<div class=\"elementor-element elementor-element-1dd6d8b elementor-widget elementor-widget-text-editor\" data-id=\"1dd6d8b\" data-element_type=\"widget\" data-widget_type=\"text-editor.default\">\n\t\t\t\t<div class=\"elementor-widget-container\">\n\t\t\t\t\t\t\t<p><strong>Bankkonto:<\/strong><\/p><p>Berliner Gesellschaft zur F\u00f6rderung der Kurdologie <\/p><p>Bank f\u00fcr Sozialwirtschaft<\/p><p>BIC: BFSWDE33BER<\/p><p>IBAN: DE19 1002 0500 0003 3080 00<\/p>\t\t\t\t\t\t<\/div>\n\t\t\t\t<\/div>\n\t\t\t\t\t<\/div>\n\t\t<\/div>\n\t\t\t\t\t\t\t<\/div>\n\t\t<\/section>\n\t\t\t\t\t\t\t<\/div>","protected":false},"excerpt":{"rendered":"<p>Contact Us \u201cPower Sharing for a United Syria\u201d is a project by the\u00a0European Center for Kurdish Studies \u2014 Berlin Society for the Advancement of Kurdish Studies. It is funded by the European Union and the Federal Foreign Office.\u00a0We are a private research institute, founded in 1999, that is registered as a non-profit association. Our goal [&hellip;]<\/p>","protected":false},"author":1,"featured_media":9284,"parent":0,"menu_order":0,"comment_status":"closed","ping_status":"closed","template":"","meta":{"_mi_skip_tracking":false,"_monsterinsights_sitenote_active":false,"_monsterinsights_sitenote_note":"","_monsterinsights_sitenote_category":0},"yoast_head":"<!-- This site is optimized with the Yoast SEO plugin v20.9 - https:\/\/yoast.com\/wordpress\/plugins\/seo\/ -->\n<title>Contact us &bull; Power Sharing for a United Syria - \u062a\u0634\u0627\u0631\u0643 \u0627\u0644\u0633\u0644\u0637\u0629 \u0644\u0633\u0648\u0631\u064a\u0627 \u0645\u0648\u062d\u0651\u064b\u062f\u0629<\/title>\n<meta name=\"description\" content=\"Find us on google maps! Send us an Email! Or give us a call! Maybe have a look at our library time! You are always welcome!\" \/>\n<meta name=\"robots\" content=\"index, follow, max-snippet:-1, max-image-preview:large, max-video-preview:-1\" \/>\n<link rel=\"canonical\" href=\"https:\/\/power-sharing-syria.ezks.org\/de\/contact-us\/\" \/>\n<meta property=\"og:locale\" content=\"de_DE\" \/>\n<meta property=\"og:type\" content=\"article\" \/>\n<meta property=\"og:title\" content=\"Contact us &bull; Power Sharing for a United Syria - \u062a\u0634\u0627\u0631\u0643 \u0627\u0644\u0633\u0644\u0637\u0629 \u0644\u0633\u0648\u0631\u064a\u0627 \u0645\u0648\u062d\u0651\u064b\u062f\u0629\" \/>\n<meta property=\"og:description\" content=\"Find us on google maps! Send us an Email! Or give us a call! Maybe have a look at our library time! You are always welcome!\" \/>\n<meta property=\"og:url\" content=\"https:\/\/power-sharing-syria.ezks.org\/de\/contact-us\/\" \/>\n<meta property=\"og:site_name\" content=\"Power Sharing for a United Syria - \u062a\u0634\u0627\u0631\u0643 \u0627\u0644\u0633\u0644\u0637\u0629 \u0644\u0633\u0648\u0631\u064a\u0627 \u0645\u0648\u062d\u0651\u064b\u062f\u0629\" \/>\n<meta property=\"article:publisher\" content=\"https:\/\/www.facebook.com\/EZKSBerlin\" \/>\n<meta property=\"article:modified_time\" content=\"2023-03-27T15:35:44+00:00\" \/>\n<meta property=\"og:image\" content=\"https:\/\/power-sharing-syria.ezks.org\/wp-content\/uploads\/2020\/11\/Contact-us_Page-Cover-scaled.jpg\" \/>\n\t<meta property=\"og:image:width\" content=\"2560\" \/>\n\t<meta property=\"og:image:height\" content=\"1707\" \/>\n\t<meta property=\"og:image:type\" content=\"image\/jpeg\" \/>\n<meta name=\"twitter:card\" content=\"summary_large_image\" \/>\n<meta name=\"twitter:label1\" content=\"Gesch\u00e4tzte Lesezeit\" \/>\n\t<meta name=\"twitter:data1\" content=\"1 Minute\" \/>\n<script type=\"application\/ld+json\" class=\"yoast-schema-graph\">{\"@context\":\"https:\/\/schema.org\",\"@graph\":[{\"@type\":\"WebPage\",\"@id\":\"https:\/\/power-sharing-syria.ezks.org\/contact-us\/\",\"url\":\"https:\/\/power-sharing-syria.ezks.org\/contact-us\/\",\"name\":\"Contact us &bull; Power Sharing for a United Syria - \u062a\u0634\u0627\u0631\u0643 \u0627\u0644\u0633\u0644\u0637\u0629 \u0644\u0633\u0648\u0631\u064a\u0627 \u0645\u0648\u062d\u0651\u064b\u062f\u0629\",\"isPartOf\":{\"@id\":\"https:\/\/power-sharing-syria.ezks.org\/#website\"},\"datePublished\":\"2020-08-11T14:21:51+00:00\",\"dateModified\":\"2023-03-27T15:35:44+00:00\",\"description\":\"Find us on google maps! Send us an Email! Or give us a call! Maybe have a look at our library time! You are always welcome!\",\"breadcrumb\":{\"@id\":\"https:\/\/power-sharing-syria.ezks.org\/contact-us\/#breadcrumb\"},\"inLanguage\":\"de-DE\",\"potentialAction\":[{\"@type\":\"ReadAction\",\"target\":[\"https:\/\/power-sharing-syria.ezks.org\/contact-us\/\"]}]},{\"@type\":\"BreadcrumbList\",\"@id\":\"https:\/\/power-sharing-syria.ezks.org\/contact-us\/#breadcrumb\",\"itemListElement\":[{\"@type\":\"ListItem\",\"position\":1,\"name\":\"Home\",\"item\":\"https:\/\/power-sharing-syria.ezks.org\/\"},{\"@type\":\"ListItem\",\"position\":2,\"name\":\"Contact us\"}]},{\"@type\":\"WebSite\",\"@id\":\"https:\/\/power-sharing-syria.ezks.org\/#website\",\"url\":\"https:\/\/power-sharing-syria.ezks.org\/\",\"name\":\"Power Sharing for a United Syria - \u062a\u0634\u0627\u0631\u0643 \u0627\u0644\u0633\u0644\u0637\u0629 \u0644\u0633\u0648\u0631\u064a\u0627 \u0645\u0648\u062d\u0651\u064b\u062f\u0629\",\"description\":\"Power Sharing for a united Syria addresses the root cause of the conflict \u2013 power abuse. What role centralized political decision-making played?\",\"publisher\":{\"@id\":\"https:\/\/power-sharing-syria.ezks.org\/#organization\"},\"potentialAction\":[{\"@type\":\"SearchAction\",\"target\":{\"@type\":\"EntryPoint\",\"urlTemplate\":\"https:\/\/power-sharing-syria.ezks.org\/?s={search_term_string}\"},\"query-input\":\"required name=search_term_string\"}],\"inLanguage\":\"de-DE\"},{\"@type\":\"Organization\",\"@id\":\"https:\/\/power-sharing-syria.ezks.org\/#organization\",\"name\":\"Power Sharing for a United Syria \u062a\u0634\u0627\u0631\u0643 \u0627\u0644\u0633\u0644\u0637\u0629 \u0644\u0633\u0648\u0631\u064a\u0627 \u0645\u0648\u062d\u0651\u064e\u062f\u0629\",\"url\":\"https:\/\/power-sharing-syria.ezks.org\/\",\"logo\":{\"@type\":\"ImageObject\",\"inLanguage\":\"de-DE\",\"@id\":\"https:\/\/power-sharing-syria.ezks.org\/#\/schema\/logo\/image\/\",\"url\":\"https:\/\/power-sharing-syria.ezks.org\/wp-content\/uploads\/2020\/08\/SY-EPS-01-0001-removebg-preview.png\",\"contentUrl\":\"https:\/\/power-sharing-syria.ezks.org\/wp-content\/uploads\/2020\/08\/SY-EPS-01-0001-removebg-preview.png\",\"width\":260,\"height\":237,\"caption\":\"Power Sharing for a United Syria \u062a\u0634\u0627\u0631\u0643 \u0627\u0644\u0633\u0644\u0637\u0629 \u0644\u0633\u0648\u0631\u064a\u0627 \u0645\u0648\u062d\u0651\u064e\u062f\u0629\"},\"image\":{\"@id\":\"https:\/\/power-sharing-syria.ezks.org\/#\/schema\/logo\/image\/\"},\"sameAs\":[\"https:\/\/www.facebook.com\/EZKSBerlin\",\"https:\/\/www.instagram.com\/ezks.berlin\/\",\"https:\/\/www.youtube.com\/channel\/UC-XEv9PScXnekPEHYCPJ4kg\"]}]}<\/script>\n<!-- \/ Yoast SEO plugin. -->","yoast_head_json":{"title":"Contact us &bull; Power Sharing for a United Syria - \u062a\u0634\u0627\u0631\u0643 \u0627\u0644\u0633\u0644\u0637\u0629 \u0644\u0633\u0648\u0631\u064a\u0627 \u0645\u0648\u062d\u0651\u064b\u062f\u0629","description":"Find us on google maps! Send us an Email! Or give us a call! Maybe have a look at our library time! You are always welcome!","robots":{"index":"index","follow":"follow","max-snippet":"max-snippet:-1","max-image-preview":"max-image-preview:large","max-video-preview":"max-video-preview:-1"},"canonical":"https:\/\/power-sharing-syria.ezks.org\/de\/contact-us\/","og_locale":"de_DE","og_type":"article","og_title":"Contact us &bull; Power Sharing for a United Syria - \u062a\u0634\u0627\u0631\u0643 \u0627\u0644\u0633\u0644\u0637\u0629 \u0644\u0633\u0648\u0631\u064a\u0627 \u0645\u0648\u062d\u0651\u064b\u062f\u0629","og_description":"Find us on google maps! Send us an Email! Or give us a call! Maybe have a look at our library time! You are always welcome!","og_url":"https:\/\/power-sharing-syria.ezks.org\/de\/contact-us\/","og_site_name":"Power Sharing for a United Syria - \u062a\u0634\u0627\u0631\u0643 \u0627\u0644\u0633\u0644\u0637\u0629 \u0644\u0633\u0648\u0631\u064a\u0627 \u0645\u0648\u062d\u0651\u064b\u062f\u0629","article_publisher":"https:\/\/www.facebook.com\/EZKSBerlin","article_modified_time":"2023-03-27T15:35:44+00:00","og_image":[{"width":2560,"height":1707,"url":"https:\/\/power-sharing-syria.ezks.org\/wp-content\/uploads\/2020\/11\/Contact-us_Page-Cover-scaled.jpg","type":"image\/jpeg"}],"twitter_card":"summary_large_image","twitter_misc":{"Gesch\u00e4tzte Lesezeit":"1 Minute"},"schema":{"@context":"https:\/\/schema.org","@graph":[{"@type":"WebPage","@id":"https:\/\/power-sharing-syria.ezks.org\/contact-us\/","url":"https:\/\/power-sharing-syria.ezks.org\/contact-us\/","name":"Contact us &bull; Power Sharing for a United Syria - \u062a\u0634\u0627\u0631\u0643 \u0627\u0644\u0633\u0644\u0637\u0629 \u0644\u0633\u0648\u0631\u064a\u0627 \u0645\u0648\u062d\u0651\u064b\u062f\u0629","isPartOf":{"@id":"https:\/\/power-sharing-syria.ezks.org\/#website"},"datePublished":"2020-08-11T14:21:51+00:00","dateModified":"2023-03-27T15:35:44+00:00","description":"Find us on google maps! Send us an Email! Or give us a call! Maybe have a look at our library time! You are always welcome!","breadcrumb":{"@id":"https:\/\/power-sharing-syria.ezks.org\/contact-us\/#breadcrumb"},"inLanguage":"de-DE","potentialAction":[{"@type":"ReadAction","target":["https:\/\/power-sharing-syria.ezks.org\/contact-us\/"]}]},{"@type":"BreadcrumbList","@id":"https:\/\/power-sharing-syria.ezks.org\/contact-us\/#breadcrumb","itemListElement":[{"@type":"ListItem","position":1,"name":"Home","item":"https:\/\/power-sharing-syria.ezks.org\/"},{"@type":"ListItem","position":2,"name":"Contact us"}]},{"@type":"WebSite","@id":"https:\/\/power-sharing-syria.ezks.org\/#website","url":"https:\/\/power-sharing-syria.ezks.org\/","name":"Power Sharing for a United Syria - \u062a\u0634\u0627\u0631\u0643 \u0627\u0644\u0633\u0644\u0637\u0629 \u0644\u0633\u0648\u0631\u064a\u0627 \u0645\u0648\u062d\u0651\u064b\u062f\u0629","description":"Power Sharing for a united Syria addresses the root cause of the conflict \u2013 power abuse. What role centralized political decision-making played?","publisher":{"@id":"https:\/\/power-sharing-syria.ezks.org\/#organization"},"potentialAction":[{"@type":"SearchAction","target":{"@type":"EntryPoint","urlTemplate":"https:\/\/power-sharing-syria.ezks.org\/?s={search_term_string}"},"query-input":"required name=search_term_string"}],"inLanguage":"de-DE"},{"@type":"Organization","@id":"https:\/\/power-sharing-syria.ezks.org\/#organization","name":"Power Sharing for a United Syria \u062a\u0634\u0627\u0631\u0643 \u0627\u0644\u0633\u0644\u0637\u0629 \u0644\u0633\u0648\u0631\u064a\u0627 \u0645\u0648\u062d\u0651\u064e\u062f\u0629","url":"https:\/\/power-sharing-syria.ezks.org\/","logo":{"@type":"ImageObject","inLanguage":"de-DE","@id":"https:\/\/power-sharing-syria.ezks.org\/#\/schema\/logo\/image\/","url":"https:\/\/power-sharing-syria.ezks.org\/wp-content\/uploads\/2020\/08\/SY-EPS-01-0001-removebg-preview.png","contentUrl":"https:\/\/power-sharing-syria.ezks.org\/wp-content\/uploads\/2020\/08\/SY-EPS-01-0001-removebg-preview.png","width":260,"height":237,"caption":"Power Sharing for a United Syria \u062a\u0634\u0627\u0631\u0643 \u0627\u0644\u0633\u0644\u0637\u0629 \u0644\u0633\u0648\u0631\u064a\u0627 \u0645\u0648\u062d\u0651\u064e\u062f\u0629"},"image":{"@id":"https:\/\/power-sharing-syria.ezks.org\/#\/schema\/logo\/image\/"},"sameAs":["https:\/\/www.facebook.com\/EZKSBerlin","https:\/\/www.instagram.com\/ezks.berlin\/","https:\/\/www.youtube.com\/channel\/UC-XEv9PScXnekPEHYCPJ4kg"]}]}},"_links":{"self":[{"href":"https:\/\/power-sharing-syria.ezks.org\/de\/wp-json\/wp\/v2\/pages\/7675"}],"collection":[{"href":"https:\/\/power-sharing-syria.ezks.org\/de\/wp-json\/wp\/v2\/pages"}],"about":[{"href":"https:\/\/power-sharing-syria.ezks.org\/de\/wp-json\/wp\/v2\/types\/page"}],"author":[{"embeddable":true,"href":"https:\/\/power-sharing-syria.ezks.org\/de\/wp-json\/wp\/v2\/users\/1"}],"replies":[{"embeddable":true,"href":"https:\/\/power-sharing-syria.ezks.org\/de\/wp-json\/wp\/v2\/comments?post=7675"}],"version-history":[{"count":135,"href":"https:\/\/power-sharing-syria.ezks.org\/de\/wp-json\/wp\/v2\/pages\/7675\/revisions"}],"predecessor-version":[{"id":15712,"href":"https:\/\/power-sharing-syria.ezks.org\/de\/wp-json\/wp\/v2\/pages\/7675\/revisions\/15712"}],"wp:featuredmedia":[{"embeddable":true,"href":"https:\/\/power-sharing-syria.ezks.org\/de\/wp-json\/wp\/v2\/media\/9284"}],"wp:attachment":[{"href":"https:\/\/power-sharing-syria.ezks.org\/de\/wp-json\/wp\/v2\/media?parent=7675"}],"curies":[{"name":"wp","href":"https:\/\/api.w.org\/{rel}","templated":true}]}}