{"id":8123,"date":"2020-09-15T13:35:09","date_gmt":"2020-09-15T12:35:09","guid":{"rendered":"https:\/\/power-sharing-syria.ezks.org\/?page_id=8123"},"modified":"2020-09-28T11:56:42","modified_gmt":"2020-09-28T10:56:42","slug":"terms-and-conditions","status":"publish","type":"page","link":"https:\/\/power-sharing-syria.ezks.org\/de\/terms-and-conditions\/","title":{"rendered":"Gesch\u00e4ftsbedingungen"},"content":{"rendered":"<div data-elementor-type=\"wp-page\" data-elementor-id=\"8123\" class=\"elementor elementor-8123\" data-elementor-post-type=\"page\">\n\t\t\t\t\t\t\t\t\t<section data-particle_enable=\"false\" data-particle-mobile-disabled=\"false\" class=\"elementor-section elementor-top-section elementor-element elementor-element-4fdad0c1 elementor-section-stretched elementor-section-boxed elementor-section-height-default elementor-section-height-default\" data-id=\"4fdad0c1\" data-element_type=\"section\" data-settings=\"{&quot;stretch_section&quot;:&quot;section-stretched&quot;}\">\n\t\t\t\t\t\t<div class=\"elementor-container elementor-column-gap-default\">\n\t\t\t\t\t<div class=\"elementor-column elementor-col-100 elementor-top-column elementor-element elementor-element-35ed79c1\" data-id=\"35ed79c1\" data-element_type=\"column\">\n\t\t\t<div class=\"elementor-widget-wrap elementor-element-populated\">\n\t\t\t\t\t\t\t\t<div class=\"elementor-element elementor-element-bc2e057 elementor-widget elementor-widget-heading\" data-id=\"bc2e057\" data-element_type=\"widget\" data-widget_type=\"heading.default\">\n\t\t\t\t<div class=\"elementor-widget-container\">\n\t\t\t<h1 class=\"elementor-heading-title elementor-size-default\">Gesch\u00e4ftsbedingungen<\/h1>\t\t<\/div>\n\t\t\t\t<\/div>\n\t\t\t\t<div class=\"elementor-element elementor-element-7a907f10 elementor-widget elementor-widget-text-editor\" data-id=\"7a907f10\" data-element_type=\"widget\" data-widget_type=\"text-editor.default\">\n\t\t\t\t<div class=\"elementor-widget-container\">\n\t\t\t\t\t\t\t<p>Zuletzt aktualisiert: 2020-06-16<\/p><p>Bitte lesen Sie diese Nutzungsbedingungen (\u201cBedingungen\u201d, \u201cNutzungsbedingungen\u201d) sorgf\u00e4ltig durch, bevor Sie die Website https:\/\/power-sharing-syria.ezks.org (der \u201cDienst\u201d), die von Power Sharing f\u00fcr ein geeintes Syrien (\u201cwir\u201d, \u201cwir\u201d oder \u201cunser\u201d) betrieben wird, nutzen.<\/p><p>Ihr Zugang zu und Ihre Nutzung des Dienstes ist an die Bedingung gekn\u00fcpft, dass Sie diese Bedingungen akzeptieren und einhalten. Diese Bedingungen gelten f\u00fcr alle Besucher, Benutzer und andere Personen, die auf den Dienst zugreifen oder ihn nutzen.<\/p><p>Indem Sie auf den Dienst zugreifen oder ihn nutzen, erkl\u00e4ren Sie sich mit diesen Bedingungen einverstanden. Wenn Sie mit irgendeinem Teil der Bedingungen nicht einverstanden sind, d\u00fcrfen Sie nicht auf den Dienst zugreifen.<\/p><h4 style=\"text-align: justify;\"><strong>Geistiges Eigentum<\/strong><\/h4><p>Der Dienst und seine urspr\u00fcnglichen Inhalte, Merkmale und Funktionen sind und bleiben das ausschlie\u00dfliche Eigentum von Power Sharing f\u00fcr ein geeintes Syrien und seinen Lizenzgebern.<\/p><h4 style=\"text-align: justify;\"><strong>Links zu anderen Websites<\/strong><\/h4><p>Unser Dienst kann Links zu Websites oder Diensten Dritter enthalten, die nicht im Besitz oder unter der Kontrolle von Power Sharing f\u00fcr ein geeintes Syrien sind.<\/p><p>Power Sharing f\u00fcr ein geeintes Syrien hat keine Kontrolle \u00fcber und \u00fcbernimmt keine Verantwortung f\u00fcr den Inhalt, die Datenschutzrichtlinien oder die Praktiken von Websites oder Diensten Dritter. Sie erkennen weiterhin an und stimmen zu, dass Power Sharing f\u00fcr eine geeintes Syrien weder direkt noch indirekt f\u00fcr Sch\u00e4den oder Verluste verantwortlich oder haftbar ist, die durch oder in Verbindung mit der Nutzung von oder dem Vertrauen auf solche Inhalte, Waren oder Dienstleistungen, die auf oder \u00fcber solche Websites oder Dienstleistungen verf\u00fcgbar sind, verursacht werden oder angeblich verursacht werden.<\/p><p>Wir raten Ihnen dringend, die Gesch\u00e4ftsbedingungen und Datenschutzrichtlinien aller Websites oder Dienste Dritter, die Sie besuchen, zu lesen.<\/p><h4 style=\"text-align: justify;\"><strong>Haftungsausschluss<\/strong><\/h4><p>Die Nutzung des Dienstes erfolgt auf Ihr alleiniges Risiko. Der Dienst wird auf einer \u201cAS IS\u201d- und \u201cAS AVAILABLE\u201d-Basis bereitgestellt. Der Dienst wird ohne ausdr\u00fcckliche oder implizite Garantien jeglicher Art bereitgestellt, einschlie\u00dflich, aber nicht beschr\u00e4nkt auf implizite Garantien der Marktg\u00e4ngigkeit, der Eignung f\u00fcr einen bestimmten Zweck, der Nichtverletzung von Rechten Dritter oder des Leistungsablaufs.<\/p><h4 style=\"text-align: justify;\"><strong>Geltendes Recht<\/strong><\/h4><p>Diese Bedingungen unterliegen den Gesetzen Deutschlands, ohne R\u00fccksicht auf seine kollisionsrechtlichen Bestimmungen, und werden in \u00dcbereinstimmung mit diesen ausgelegt.<\/p><p>Unser Vers\u00e4umnis, ein Recht oder eine Bestimmung dieser Bedingungen durchzusetzen, gilt nicht als Verzicht auf diese Rechte. Sollte eine Bestimmung dieser Bedingungen von einem Gericht f\u00fcr ung\u00fcltig oder nicht durchsetzbar befunden werden, bleiben die \u00fcbrigen Bestimmungen dieser Bedingungen in Kraft. Diese Bedingungen stellen die gesamte Vereinbarung zwischen uns bez\u00fcglich unseres Dienstes dar und ersetzen alle fr\u00fcheren Vereinbarungen, die zwischen uns bez\u00fcglich des Dienstes getroffen wurden.<\/p><h4 style=\"text-align: justify;\"><strong>\u00c4nderungen<\/strong><\/h4><p>Wir behalten uns das Recht vor, diese Bedingungen nach eigenem Ermessen jederzeit zu \u00e4ndern oder zu ersetzen. Wenn eine \u00c4nderung wesentlich ist, werden wir versuchen, Sie mindestens 30 Tage vor Inkrafttreten der neuen Bedingungen zu benachrichtigen. Was eine wesentliche \u00c4nderung darstellt, wird nach unserem alleinigen Ermessen festgelegt.<\/p><p>Wenn Sie auch nach Inkrafttreten dieser \u00dcberarbeitungen weiterhin auf unseren Dienst zugreifen oder ihn nutzen, erkl\u00e4ren Sie sich damit einverstanden, an die \u00fcberarbeiteten Bedingungen gebunden zu sein. Wenn Sie mit den neuen Bedingungen nicht einverstanden sind, stellen Sie bitte die Nutzung des Dienstes ein.<\/p><h4 style=\"text-align: justify;\"><strong>Kontakt<\/strong><\/h4><p>Wenn Sie Fragen zu diesen Bedingungen haben, wenden Sie sich bitte an uns.<\/p>\t\t\t\t\t\t<\/div>\n\t\t\t\t<\/div>\n\t\t\t\t\t<\/div>\n\t\t<\/div>\n\t\t\t\t\t\t\t<\/div>\n\t\t<\/section>\n\t\t\t\t\t\t\t<\/div>","protected":false},"excerpt":{"rendered":"<p>Terms and Conditions Last updated: 2020-06-16 Please read these Terms of Use (\u201cTerms\u201d, \u201cTerms of Use\u201d) carefully before using the https:\/\/power-sharing-syria.ezks.org website (the \u201cService\u201d) operated by Power Sharing f\u00fcr ein geeintes Syrien (\u201cus\u201d, \u201cwe\u201d, or \u201cour\u201d). Your access to and use of the Service is conditioned to your acceptance of and compliance with these Terms. [&hellip;]<\/p>","protected":false},"author":1,"featured_media":0,"parent":0,"menu_order":0,"comment_status":"closed","ping_status":"closed","template":"","meta":{"_mi_skip_tracking":false,"_monsterinsights_sitenote_active":false,"_monsterinsights_sitenote_note":"","_monsterinsights_sitenote_category":0},"yoast_head":"<!-- This site is optimized with the Yoast SEO plugin v20.9 - https:\/\/yoast.com\/wordpress\/plugins\/seo\/ -->\n<title>Terms and Conditions - Power Sharing for a United Syria<\/title>\n<meta name=\"robots\" content=\"index, follow, max-snippet:-1, max-image-preview:large, max-video-preview:-1\" \/>\n<link rel=\"canonical\" href=\"https:\/\/power-sharing-syria.ezks.org\/de\/terms-and-conditions\/\" \/>\n<meta property=\"og:locale\" content=\"de_DE\" \/>\n<meta property=\"og:type\" content=\"article\" \/>\n<meta property=\"og:title\" content=\"Terms and Conditions - Power Sharing for a United Syria\" \/>\n<meta property=\"og:description\" content=\"Terms and Conditions Last updated: 2020-06-16 Please read these Terms of Use (\u201cTerms\u201d, \u201cTerms of Use\u201d) carefully before using the https:\/\/power-sharing-syria.ezks.org website (the \u201cService\u201d) operated by Power Sharing f\u00fcr ein geeintes Syrien (\u201cus\u201d, \u201cwe\u201d, or \u201cour\u201d). Your access to and use of the Service is conditioned to your acceptance of and compliance with these Terms. [&hellip;]\" \/>\n<meta property=\"og:url\" content=\"https:\/\/power-sharing-syria.ezks.org\/de\/terms-and-conditions\/\" \/>\n<meta property=\"og:site_name\" content=\"Power Sharing for a United Syria - \u062a\u0634\u0627\u0631\u0643 \u0627\u0644\u0633\u0644\u0637\u0629 \u0644\u0633\u0648\u0631\u064a\u0627 \u0645\u0648\u062d\u0651\u064b\u062f\u0629\" \/>\n<meta property=\"article:publisher\" content=\"https:\/\/www.facebook.com\/EZKSBerlin\" \/>\n<meta property=\"article:modified_time\" content=\"2020-09-28T10:56:42+00:00\" \/>\n<meta name=\"twitter:card\" content=\"summary_large_image\" \/>\n<meta name=\"twitter:label1\" content=\"Gesch\u00e4tzte Lesezeit\" \/>\n\t<meta name=\"twitter:data1\" content=\"3 Minuten\" \/>\n<script type=\"application\/ld+json\" class=\"yoast-schema-graph\">{\"@context\":\"https:\/\/schema.org\",\"@graph\":[{\"@type\":\"WebPage\",\"@id\":\"https:\/\/power-sharing-syria.ezks.org\/terms-and-conditions\/\",\"url\":\"https:\/\/power-sharing-syria.ezks.org\/terms-and-conditions\/\",\"name\":\"Terms and Conditions - Power Sharing for a United Syria\",\"isPartOf\":{\"@id\":\"https:\/\/power-sharing-syria.ezks.org\/#website\"},\"datePublished\":\"2020-09-15T12:35:09+00:00\",\"dateModified\":\"2020-09-28T10:56:42+00:00\",\"breadcrumb\":{\"@id\":\"https:\/\/power-sharing-syria.ezks.org\/terms-and-conditions\/#breadcrumb\"},\"inLanguage\":\"de-DE\",\"potentialAction\":[{\"@type\":\"ReadAction\",\"target\":[\"https:\/\/power-sharing-syria.ezks.org\/terms-and-conditions\/\"]}]},{\"@type\":\"BreadcrumbList\",\"@id\":\"https:\/\/power-sharing-syria.ezks.org\/terms-and-conditions\/#breadcrumb\",\"itemListElement\":[{\"@type\":\"ListItem\",\"position\":1,\"name\":\"Home\",\"item\":\"https:\/\/power-sharing-syria.ezks.org\/\"},{\"@type\":\"ListItem\",\"position\":2,\"name\":\"Terms and Conditions\"}]},{\"@type\":\"WebSite\",\"@id\":\"https:\/\/power-sharing-syria.ezks.org\/#website\",\"url\":\"https:\/\/power-sharing-syria.ezks.org\/\",\"name\":\"Power Sharing for a United Syria - \u062a\u0634\u0627\u0631\u0643 \u0627\u0644\u0633\u0644\u0637\u0629 \u0644\u0633\u0648\u0631\u064a\u0627 \u0645\u0648\u062d\u0651\u064b\u062f\u0629\",\"description\":\"Power Sharing for a united Syria addresses the root cause of the conflict \u2013 power abuse. What role centralized political decision-making played?\",\"publisher\":{\"@id\":\"https:\/\/power-sharing-syria.ezks.org\/#organization\"},\"potentialAction\":[{\"@type\":\"SearchAction\",\"target\":{\"@type\":\"EntryPoint\",\"urlTemplate\":\"https:\/\/power-sharing-syria.ezks.org\/?s={search_term_string}\"},\"query-input\":\"required name=search_term_string\"}],\"inLanguage\":\"de-DE\"},{\"@type\":\"Organization\",\"@id\":\"https:\/\/power-sharing-syria.ezks.org\/#organization\",\"name\":\"Power Sharing for a United Syria \u062a\u0634\u0627\u0631\u0643 \u0627\u0644\u0633\u0644\u0637\u0629 \u0644\u0633\u0648\u0631\u064a\u0627 \u0645\u0648\u062d\u0651\u064e\u062f\u0629\",\"url\":\"https:\/\/power-sharing-syria.ezks.org\/\",\"logo\":{\"@type\":\"ImageObject\",\"inLanguage\":\"de-DE\",\"@id\":\"https:\/\/power-sharing-syria.ezks.org\/#\/schema\/logo\/image\/\",\"url\":\"https:\/\/power-sharing-syria.ezks.org\/wp-content\/uploads\/2020\/08\/SY-EPS-01-0001-removebg-preview.png\",\"contentUrl\":\"https:\/\/power-sharing-syria.ezks.org\/wp-content\/uploads\/2020\/08\/SY-EPS-01-0001-removebg-preview.png\",\"width\":260,\"height\":237,\"caption\":\"Power Sharing for a United Syria \u062a\u0634\u0627\u0631\u0643 \u0627\u0644\u0633\u0644\u0637\u0629 \u0644\u0633\u0648\u0631\u064a\u0627 \u0645\u0648\u062d\u0651\u064e\u062f\u0629\"},\"image\":{\"@id\":\"https:\/\/power-sharing-syria.ezks.org\/#\/schema\/logo\/image\/\"},\"sameAs\":[\"https:\/\/www.facebook.com\/EZKSBerlin\",\"https:\/\/www.instagram.com\/ezks.berlin\/\",\"https:\/\/www.youtube.com\/channel\/UC-XEv9PScXnekPEHYCPJ4kg\"]}]}<\/script>\n<!-- \/ Yoast SEO plugin. -->","yoast_head_json":{"title":"Terms and Conditions - Power Sharing for a United Syria","robots":{"index":"index","follow":"follow","max-snippet":"max-snippet:-1","max-image-preview":"max-image-preview:large","max-video-preview":"max-video-preview:-1"},"canonical":"https:\/\/power-sharing-syria.ezks.org\/de\/terms-and-conditions\/","og_locale":"de_DE","og_type":"article","og_title":"Terms and Conditions - Power Sharing for a United Syria","og_description":"Terms and Conditions Last updated: 2020-06-16 Please read these Terms of Use (\u201cTerms\u201d, \u201cTerms of Use\u201d) carefully before using the https:\/\/power-sharing-syria.ezks.org website (the \u201cService\u201d) operated by Power Sharing f\u00fcr ein geeintes Syrien (\u201cus\u201d, \u201cwe\u201d, or \u201cour\u201d). Your access to and use of the Service is conditioned to your acceptance of and compliance with these Terms. [&hellip;]","og_url":"https:\/\/power-sharing-syria.ezks.org\/de\/terms-and-conditions\/","og_site_name":"Power Sharing for a United Syria - \u062a\u0634\u0627\u0631\u0643 \u0627\u0644\u0633\u0644\u0637\u0629 \u0644\u0633\u0648\u0631\u064a\u0627 \u0645\u0648\u062d\u0651\u064b\u062f\u0629","article_publisher":"https:\/\/www.facebook.com\/EZKSBerlin","article_modified_time":"2020-09-28T10:56:42+00:00","twitter_card":"summary_large_image","twitter_misc":{"Gesch\u00e4tzte Lesezeit":"3 Minuten"},"schema":{"@context":"https:\/\/schema.org","@graph":[{"@type":"WebPage","@id":"https:\/\/power-sharing-syria.ezks.org\/terms-and-conditions\/","url":"https:\/\/power-sharing-syria.ezks.org\/terms-and-conditions\/","name":"Terms and Conditions - Power Sharing for a United Syria","isPartOf":{"@id":"https:\/\/power-sharing-syria.ezks.org\/#website"},"datePublished":"2020-09-15T12:35:09+00:00","dateModified":"2020-09-28T10:56:42+00:00","breadcrumb":{"@id":"https:\/\/power-sharing-syria.ezks.org\/terms-and-conditions\/#breadcrumb"},"inLanguage":"de-DE","potentialAction":[{"@type":"ReadAction","target":["https:\/\/power-sharing-syria.ezks.org\/terms-and-conditions\/"]}]},{"@type":"BreadcrumbList","@id":"https:\/\/power-sharing-syria.ezks.org\/terms-and-conditions\/#breadcrumb","itemListElement":[{"@type":"ListItem","position":1,"name":"Home","item":"https:\/\/power-sharing-syria.ezks.org\/"},{"@type":"ListItem","position":2,"name":"Terms and Conditions"}]},{"@type":"WebSite","@id":"https:\/\/power-sharing-syria.ezks.org\/#website","url":"https:\/\/power-sharing-syria.ezks.org\/","name":"Power Sharing for a United Syria - \u062a\u0634\u0627\u0631\u0643 \u0627\u0644\u0633\u0644\u0637\u0629 \u0644\u0633\u0648\u0631\u064a\u0627 \u0645\u0648\u062d\u0651\u064b\u062f\u0629","description":"Power Sharing for a united Syria addresses the root cause of the conflict \u2013 power abuse. What role centralized political decision-making played?","publisher":{"@id":"https:\/\/power-sharing-syria.ezks.org\/#organization"},"potentialAction":[{"@type":"SearchAction","target":{"@type":"EntryPoint","urlTemplate":"https:\/\/power-sharing-syria.ezks.org\/?s={search_term_string}"},"query-input":"required name=search_term_string"}],"inLanguage":"de-DE"},{"@type":"Organization","@id":"https:\/\/power-sharing-syria.ezks.org\/#organization","name":"Power Sharing for a United Syria \u062a\u0634\u0627\u0631\u0643 \u0627\u0644\u0633\u0644\u0637\u0629 \u0644\u0633\u0648\u0631\u064a\u0627 \u0645\u0648\u062d\u0651\u064e\u062f\u0629","url":"https:\/\/power-sharing-syria.ezks.org\/","logo":{"@type":"ImageObject","inLanguage":"de-DE","@id":"https:\/\/power-sharing-syria.ezks.org\/#\/schema\/logo\/image\/","url":"https:\/\/power-sharing-syria.ezks.org\/wp-content\/uploads\/2020\/08\/SY-EPS-01-0001-removebg-preview.png","contentUrl":"https:\/\/power-sharing-syria.ezks.org\/wp-content\/uploads\/2020\/08\/SY-EPS-01-0001-removebg-preview.png","width":260,"height":237,"caption":"Power Sharing for a United Syria \u062a\u0634\u0627\u0631\u0643 \u0627\u0644\u0633\u0644\u0637\u0629 \u0644\u0633\u0648\u0631\u064a\u0627 \u0645\u0648\u062d\u0651\u064e\u062f\u0629"},"image":{"@id":"https:\/\/power-sharing-syria.ezks.org\/#\/schema\/logo\/image\/"},"sameAs":["https:\/\/www.facebook.com\/EZKSBerlin","https:\/\/www.instagram.com\/ezks.berlin\/","https:\/\/www.youtube.com\/channel\/UC-XEv9PScXnekPEHYCPJ4kg"]}]}},"_links":{"self":[{"href":"https:\/\/power-sharing-syria.ezks.org\/de\/wp-json\/wp\/v2\/pages\/8123"}],"collection":[{"href":"https:\/\/power-sharing-syria.ezks.org\/de\/wp-json\/wp\/v2\/pages"}],"about":[{"href":"https:\/\/power-sharing-syria.ezks.org\/de\/wp-json\/wp\/v2\/types\/page"}],"author":[{"embeddable":true,"href":"https:\/\/power-sharing-syria.ezks.org\/de\/wp-json\/wp\/v2\/users\/1"}],"replies":[{"embeddable":true,"href":"https:\/\/power-sharing-syria.ezks.org\/de\/wp-json\/wp\/v2\/comments?post=8123"}],"version-history":[{"count":0,"href":"https:\/\/power-sharing-syria.ezks.org\/de\/wp-json\/wp\/v2\/pages\/8123\/revisions"}],"wp:attachment":[{"href":"https:\/\/power-sharing-syria.ezks.org\/de\/wp-json\/wp\/v2\/media?parent=8123"}],"curies":[{"name":"wp","href":"https:\/\/api.w.org\/{rel}","templated":true}]}}